{"id":5209,"date":"2020-02-24T11:34:02","date_gmt":"2020-02-24T10:34:02","guid":{"rendered":"https:\/\/www.incitur.com\/civitavecchia-tours\/"},"modified":"2021-06-01T10:50:15","modified_gmt":"2021-06-01T08:50:15","slug":"civitavecchia-tours","status":"publish","type":"page","link":"https:\/\/www.incitur.com\/it\/civitavecchia-tours\/","title":{"rendered":"Tour di Civitavecchia"},"content":{"rendered":"<div class=\"one withsmallpadding ppb_header \" style=\"text-align: left; padding: 30px 0 30px 0;\">\n<div class=\"standard_wrapper\">\n<div class=\"page_content_wrapper\">\n<div class=\"inner\">\n<div style=\"margin: auto; width: 100%;\">\n<h2 class=\"ppb_title\">Civitavecchia una citt\u00e0 da scoprire<\/h2>\n<\/div>\n<\/div>\n<\/div>\n<\/div>\n<\/div>\n<div class=\"standard_wrapper\">\n<div class=\"one_third withsmallpadding ppb_text\" style=\"text-align: left; padding: 30px 0 30px 0;\">\n<div class=\"standard_wrapper\">\n<div class=\"page_content_wrapper\">\n<div class=\"inner\">\n<div style=\"margin: auto; width: 100%;\">\n<p>&nbsp;<\/p>\n<h4 class=\"p1\"><span class=\"s1\"><b>Custom Services<\/b><\/span><\/h4>\n<p>We offer a wide range of customization for your group or famly<\/p>\n<\/div>\n<\/div>\n<\/div>\n<\/div>\n<\/div>\n<\/div>\n<div class=\"standard_wrapper\">\n<div class=\"one_third withsmallpadding ppb_text\" style=\"text-align: left; padding: 30px 0 30px 0;\">\n<div class=\"standard_wrapper\">\n<div class=\"page_content_wrapper\">\n<div class=\"inner\">\n<div style=\"margin: auto; width: 100%;\">\n<p>&nbsp;<\/p>\n<h4 class=\"p1\"><span class=\"s1\"><b>Professional Local Guides <\/b><\/span><\/h4>\n<p>Our local guides will create a Family atmosphere among our small groups<\/p>\n<\/div>\n<\/div>\n<\/div>\n<\/div>\n<\/div>\n<\/div>\n<div class=\"standard_wrapper\">\n<div class=\"one_third last withsmallpadding ppb_text\" style=\"text-align: left; padding: 30px 0 30px 0;\">\n<div class=\"standard_wrapper\">\n<div class=\"page_content_wrapper\">\n<div class=\"inner\">\n<div style=\"margin: auto; width: 100%;\">\n<p>&nbsp;<\/p>\n<h4 class=\"p1\"><span class=\"s1\"><b>Off the beaten track<\/b><\/span><\/h4>\n<p>An authentic italian food experience away from the big Rome roumors and with our local suppliers<\/p>\n<\/div>\n<\/div>\n<\/div>\n<\/div>\n<\/div>\n<\/div>\n<div class=\"one withsmallpadding ppb_header \" style=\"text-align: left; padding: 30px 0 30px 0;\">\n<div class=\"standard_wrapper\">\n<div class=\"page_content_wrapper\">\n<div class=\"inner\">\n<div style=\"margin: auto; width: 100%;\">\n<h2 class=\"ppb_title\">Our Italian food&amp;cultural Experiences<\/h2>\n<\/div>\n<\/div>\n<\/div>\n<\/div>\n<\/div>\n<div class=\"one withsmallpadding ppb_header \" style=\"text-align: left; padding: 30px 0 30px 0;\">\n<div class=\"standard_wrapper\">\n<div class=\"page_content_wrapper\">\n<div class=\"inner\">\n<div style=\"margin: auto; width: 100%;\">\n<h2 class=\"ppb_title\">Our Italian food&amp;cultural Experiences<\/h2>\n<\/div>\n<\/div>\n<\/div>\n<\/div>\n<\/div>\n<div class=\"one withsmallpadding ppb_header \" style=\"text-align: left; padding: 30px 0 30px 0;\">\n<div class=\"standard_wrapper\">\n<div class=\"page_content_wrapper\">\n<div class=\"inner\">\n<div style=\"margin: auto; width: 100%;\">\n<h2 class=\"ppb_title\">Our Italian food&amp;cultural Experiences<\/h2>\n<\/div>\n<\/div>\n<\/div>\n<\/div>\n<\/div>\n<div class=\"one withsmallpadding ppb_header \" style=\"text-align: left; padding: 30px 0 30px 0;\">\n<div class=\"standard_wrapper\">\n<div class=\"page_content_wrapper\">\n<div class=\"inner\">\n<div style=\"margin: auto; width: 100%;\">\n<h2 class=\"ppb_title\">Dicono di noi<\/h2>\n<\/div>\n<\/div>\n<\/div>\n<\/div>\n<\/div>\n<div class=\"one withsmallpadding ppb_text\" style=\"text-align: left; padding: 30px 0 30px 0;\">\n<div class=\"standard_wrapper\">\n<div class=\"page_content_wrapper\">\n<div class=\"inner\">\n<div style=\"margin: auto; width: 100%;\">\n<style>.wprs_masonry {margin: 0 5px 0 5px;padding: 0;}.wprs_masonry_item {display: grid;width: 100%;padding-top: 5px;margin-bottom: 10px;margin-top: 0px;break-inside: avoid;-webkit-column-break-inside: avoid;page-break-inside: avoid;}@media only screen and (min-width: 400px) {.wprs_masonry {-moz-column-count: 1;-webkit-column-count: 1;\tcolumn-count: 1;}}@media only screen and (min-width: 700px) {.wprs_masonry {-moz-column-count: 2;-webkit-column-count: 2;column-count: 2;}}@media only screen and (min-width: 900px) {.wprs_masonry {-moz-column-count: 3;-webkit-column-count: 3;column-count: 3;}}@media only screen and (min-width: 1100px) {.wprs_masonry {-moz-column-count: 4;-webkit-column-count: 4;column-count: 4;}}<\/style>\n<style>#wprev-slider-1 .wprevpro_star_imgs{color: #FDD314;}#wprev-slider-1 .wprev_preview_bradius_T1 {border-radius: 0px;}#wprev-slider-1 .wprev_preview_bg1_T1 {background:;}#wprev-slider-1 .wprev_preview_bg2_T1 {background:;}#wprev-slider-1 .wprev_preview_tcolor1_T1 {color:;}#wprev-slider-1 .wprev_preview_tcolor2_T1 {color:;}#wprev-slider-1 .wprev_preview_bg1_T1::after{ border-top: 30px solid ; }<\/style>\n<style>.wprs_masonry {margin: 0 5px 0 5px;padding: 0;}.wprs_masonry_item {display: grid;width: 100%;padding-top: 5px;margin-bottom: 10px;margin-top: 0px;break-inside: avoid;-webkit-column-break-inside: avoid;page-break-inside: avoid;}@media only screen and (min-width: 400px) {.wprs_masonry {-moz-column-count: 1;-webkit-column-count: 1;\tcolumn-count: 1;}}@media only screen and (min-width: 700px) {.wprs_masonry {-moz-column-count: 2;-webkit-column-count: 2;column-count: 2;}}@media only screen and (min-width: 900px) {.wprs_masonry {-moz-column-count: 3;-webkit-column-count: 3;column-count: 3;}}@media only screen and (min-width: 1100px) {.wprs_masonry {-moz-column-count: 4;-webkit-column-count: 4;column-count: 4;}}<\/style>\n<div id=\"wprev-slider-1\" class=\"wprevpro wprev-slider \">\n<ul>\n<li>\n<div class=\"wprs_masonry\" data-numcol=\"4\">\n<div class=\"wprs_masonry_item wprevpro_t1_DIV_1 \">\n<div class=\"indrevdiv wprevpro_t1_DIV_2 wprev_preview_bg1_T1 wprev_preview_bradius_T1\">\n<p class=\"wprevpro_t1_P_3 wprev_preview_tcolor1_T1\">Tour operator con personale preparato ed attento.<\/p>\n<\/div>\n<p><span class=\"wprevpro_t1_A_8\"><img decoding=\"async\" class=\"wprevpro_t1_IMG_4 wprevpro_avatarimg\" src=\"https:\/\/www.incitur.com\/wp-content\/uploads\/wprevslider\/avatars\/1558182164_4.jpg\" alt=\"Gennaro Savarese Avatar\" \/><\/span><\/p>\n<div class=\"wprevpro_t1_SPAN_5 wprev_preview_tcolor2_T1\">\n<div class=\"wprevpro_t1_rname\">Gennaro Savarese<\/div>\n<div class=\"wprev_showdate_T1\">5\/18\/2019<\/div>\n<\/div>\n<\/div>\n<div class=\"wprs_masonry_item wprevpro_t1_DIV_1 \">\n<div class=\"indrevdiv wprevpro_t1_DIV_2 wprev_preview_bg1_T1 wprev_preview_bradius_T1\">\n<p class=\"wprevpro_t1_P_3 wprev_preview_tcolor1_T1\">Un team di guide ed accompagnatori preparati ed estremamente professionali con esperienza ventennale e profonda conoscenza del prodotto turistico<\/p>\n<\/div>\n<p><span class=\"wprevpro_t1_A_8\"><img decoding=\"async\" class=\"wprevpro_t1_IMG_4 wprevpro_avatarimg\" src=\"https:\/\/www.incitur.com\/wp-content\/uploads\/wprevslider\/avatars\/1562678442_3.jpg\" alt=\"Fabrizio Garofolo Avatar\" \/><\/span><\/p>\n<div class=\"wprevpro_t1_SPAN_5 wprev_preview_tcolor2_T1\">\n<div class=\"wprevpro_t1_rname\">Fabrizio G.<\/div>\n<div class=\"wprev_showdate_T1\">7\/09\/2019<\/div>\n<\/div>\n<\/div>\n<div class=\"wprs_masonry_item wprevpro_t1_DIV_1 \">\n<div class=\"indrevdiv wprevpro_t1_DIV_2 wprev_preview_bg1_T1 wprev_preview_bradius_T1\">\n<p class=\"wprevpro_t1_P_3 wprev_preview_tcolor1_T1\"><span class=\"wprevpro_star_imgs_T1\"><img decoding=\"async\" class=\"wprevpro_t1_star_img_file\" src=\"https:\/\/www.incitur.com\/wp-content\/plugins\/wp-review-slider-pro\/public\/partials\/imgs\/tripadvisor_stars_5.png\" alt=\"5 star rating\" \/><\/span><span class=\"wprevpro_t1_DIV_title\">Piacevolmente sorpresi da questa citt\u00e0! <\/span><span class=\"wprs_rd_more_1\">La nostra crociera prevedeva lo scalo a Civitavecchia. Avendo gi\u00e0 visitato pi\u00f9 volte la capitale, abbiamo pensato di rimanere a&#8230;<\/span> <a class=\"wprs_rd_more\">read more<\/a><span class=\"wprs_rd_more_text\" style=\"display: none;\">La nostra crociera prevedeva lo scalo a Civitavecchia. Avendo gi\u00e0 visitato pi\u00f9 volte la capitale, abbiamo pensato di rimanere a Civitavecchia e ne siamo rimasti molto colpiti! Abbiamo trascorso una bellissima giornata insieme ai ragazzi di Incitur. Vorremmo ringraziare in particolare Pamela, la nostra guida, per la sua disponibilit\u00e0 e per averci lasciato un ricordo memorabile di quel giorno.<br \/>\nLa degustazione di prodotti tipici \u00e8 stata un\u2019altra bellissima sorpresa!<br \/>\nSe dovessimo ritornare a Civitavecchia sicuramente ci affideremo di nuovo a loro!<br \/>\nGrazie ancora a tutti voi!<\/span> <a class=\"wprs_rd_less\" style=\"display: none;\">read less<\/a><\/p>\n<\/div>\n<p><span class=\"wprevpro_t1_A_8\"><img decoding=\"async\" class=\"wprevpro_t1_IMG_4 wprevpro_avatarimg\" src=\"https:\/\/www.incitur.com\/wp-content\/plugins\/wp-review-slider-pro\/public\/partials\/imgs\/trip_mystery_man_small.png\" alt=\"Elena B Avatar\" \/><\/span><\/p>\n<div class=\"wprevpro_t1_SPAN_5 wprev_preview_tcolor2_T1\">\n<div class=\"wprevpro_t1_rname\">Elena B<\/div>\n<div class=\"wprev_showdate_T1\">3\/02\/2018<\/div>\n<\/div>\n<\/div>\n<div class=\"wprs_masonry_item wprevpro_t1_DIV_1 \">\n<div class=\"indrevdiv wprevpro_t1_DIV_2 wprev_preview_bg1_T1 wprev_preview_bradius_T1\">\n<p class=\"wprevpro_t1_P_3 wprev_preview_tcolor1_T1\"><span class=\"wprevpro_star_imgs_T1\"><img decoding=\"async\" class=\"wprevpro_t1_star_img_file\" src=\"https:\/\/www.incitur.com\/wp-content\/plugins\/wp-review-slider-pro\/public\/partials\/imgs\/tripadvisor_stars_5.png\" alt=\"5 star rating\" \/><\/span><span class=\"wprevpro_t1_DIV_title\">Una sorpresa <\/span><span class=\"wprs_rd_more_1\">Io e la mia famiglia siamo scesi dalla nostra nave per passare qualche ora in citt\u00e0 e avevamo deciso di&#8230;<\/span> <a class=\"wprs_rd_more\">read more<\/a><span class=\"wprs_rd_more_text\" style=\"display: none;\">Io e la mia famiglia siamo scesi dalla nostra nave per passare qualche ora in citt\u00e0 e avevamo deciso di prenotare dal web un giro citt\u00e0! Non \u00e8 stato facile trovare qualcosa, perch\u00e9 tutte le proposte sono su Roma. Ma, conoscendo gi\u00e0 bene la Capitale, desideravamo scorpire qualche curiosit\u00e0 su Civitavecchia. \u00c8 stata davvero una bella sorpresa! I ragazzi di Incitur sono davvero appassionati e la loro guida ci ha fatto trascorrere 3 ore tra storia e aneddoti incredibili. Abbiamo visitato il centro medievale, le chiesette e il porto antico del secondo sec d.C. La degustazione di dolci tipici \u00e8 stata una ciliegina sulla torta! Non immaginavamo che Civitavecchia potesse offrire cos\u00ec tanto!<\/span> <a class=\"wprs_rd_less\" style=\"display: none;\">read less<\/a><\/p>\n<\/div>\n<p><span class=\"wprevpro_t1_A_8\"><img decoding=\"async\" class=\"wprevpro_t1_IMG_4 wprevpro_avatarimg\" src=\"https:\/\/www.incitur.com\/wp-content\/plugins\/wp-review-slider-pro\/public\/partials\/imgs\/trip_mystery_man_small.png\" alt=\"Luigi M Avatar\" \/><\/span><\/p>\n<div class=\"wprevpro_t1_SPAN_5 wprev_preview_tcolor2_T1\">\n<div class=\"wprevpro_t1_rname\">Luigi M<\/div>\n<div class=\"wprev_showdate_T1\">10\/31\/2017<\/div>\n<\/div>\n<\/div>\n<\/div>\n<\/li>\n<\/ul>\n<\/div>\n<p><script type='text\/javascript'>\n\t\t\t\t\t\tfunction wprs_defer(method) {\n\t\t\t\t\t\t\tdocument.getElementById('wprev-slider-1').style.display='none';\n\t\t\t\t\t\t\tif (window.jQuery) {\n\t\t\t\t\t\t\t\tif(jQuery.fn.wprs_unslider){\n\t\t\t\t\t\t\t\t\tmethod();\n\t\t\t\t\t\t\t\t} else {\n\t\t\t\t\t\t\t\t\tsetTimeout(function() { wprs_defer(method) }, 500);\n\t\t\t\t\t\t\t\t\tconsole.log('waiting for wppro_rev_slider js...');\t\t\t\t\t\t\t\t\t\n\t\t\t\t\t\t\t\t}\n\t\t\t\t\t\t\t} else {\n\t\t\t\t\t\t\t\tsetTimeout(function() { wprs_defer(method) }, 100);\n\t\t\t\t\t\t\t\tconsole.log('waiting for jquery..');\n\t\t\t\t\t\t\t}\n\t\t\t\t\t\t}\n\t\t\t\t\t\twprs_defer(function () {\n\t\t\t\t\t\t\tjQuery(document).ready(function($) {\n\t\t\t\t\t\t\t\tdocument.getElementById('wprev-slider-1').style.display='block';\n\t\t\t\t\t\t\t\tvar slider = $('#wprev-slider-1').wprs_unslider(\n\t\t\t\t\t\t\t\t\t{\n\t\t\t\t\t\t\t\t\tautoplay:true,\n\t\t\t\t\t\t\t\t\tdelay: '3000',\n\t\t\t\t\t\t\t\t\tanimation: 'horizontal',\n\t\t\t\t\t\t\t\t\tspeed: 750,\n\t\t\t\t\t\t\t\t\tarrows: true,\n\t\t\t\t\t\t\t\t\tanimateHeight: false,\n\t\t\t\t\t\t\t\t\tactiveClass: 'wprs_unslider-active',\n\t\t\t\t\t\t\t\t\tinfinite: false,\n\t\t\t\t\t\t\t\t\t}\n\t\t\t\t\t\t\t\t);\n\t\t\t\t\t\t\t\tslider.on('wprs_unslider.change', function(event, index, slide) {\n\t\t\t\t\t\t\t\t\t$('#wprev-slider-1').find('.wprs_rd_less:visible').trigger('click');\n\t\t\t\t\t\t\t\t});\n\t\t\t\t\t\t\t\t$('#wprev-slider-1').siblings('.wprs_unslider-nav').attr( 'id','wprs_nav_1');\n\t\t\t\t\t\t\t\t$('#wprev-slider-1').siblings('.wprs_unslider-arrow').addClass('wprs_nav_arrow_1');\n\t\t\t\t\t\t\t\t$(\"#wprev-slider-1\").siblings(\".wprs_unslider-nav\").show();slider.on('mouseover', function() {slider.data('wprs_unslider').stop();}).on('mouseout', function() {slider.data('wprs_unslider').start();});var maxheights = $(\"#wprev-slider-1\").find(\".w3_wprs-col\").find(\"p\").parent().map(function (){return $(this).outerHeight();}).get();var maxHeightofslide = Math.max.apply(null, maxheights);if(maxHeightofslide>0){$(\"#wprev-slider-1\").find(\".w3_wprs-col\").find(\"p\").parent().css( \"height\", maxHeightofslide );}var temparrow=$('#wprev-slider-1').siblings('a.next,a.prev');var saoffset=temparrow.offset();if(saoffset.top>0){temparrow.offset({ top: saoffset.top});}});\n\t\t\t\t\t\t});\n\t\t\t\t\t\t<\/script><\/p>\n<\/div>\n<\/div>\n<\/div>\n<\/div>\n<\/div>\n<div class=\"one withsmallpadding ppb_header \" style=\"text-align: left; padding: 30px 0 30px 0;\">\n<div class=\"standard_wrapper\">\n<div class=\"page_content_wrapper\">\n<div class=\"inner\">\n<div style=\"margin: auto; width: 100%;\">\n<h2 class=\"ppb_title\">Gallery<\/h2>\n<\/div>\n<\/div>\n<\/div>\n<\/div>\n<\/div>\n<div class=\"one withsmallpadding ppb_header \" style=\"text-align: left; padding: 30px 0 30px 0;\">\n<div class=\"standard_wrapper\">\n<div class=\"page_content_wrapper\">\n<div class=\"inner\">\n<div style=\"margin: auto; width: 100%;\">\n<h2 class=\"ppb_title\">Gallery<\/h2>\n<\/div>\n<\/div>\n<\/div>\n<\/div>\n<\/div>\n<div class=\"one withsmallpadding ppb_header \" style=\"text-align: left; padding: 30px 0 30px 0;\">\n<div class=\"standard_wrapper\">\n<div class=\"page_content_wrapper\">\n<div class=\"inner\">\n<div style=\"margin: auto; width: 100%;\">\n<h2 class=\"ppb_title\">Gallery<\/h2>\n<\/div>\n<\/div>\n<\/div>\n<\/div>\n<\/div>\n","protected":false},"excerpt":{"rendered":"<p>Civitavecchia una citt\u00e0 da scoprire &nbsp; Custom Services We offer a wide range of customization for your group or famly &nbsp; Professional Local Guides Our local guides will create a Family atmosphere among our small groups &nbsp; Off the beaten [&hellip;]<\/p>\n","protected":false},"author":2,"featured_media":0,"parent":0,"menu_order":0,"comment_status":"closed","ping_status":"closed","template":"","meta":{"footnotes":""},"class_list":["post-5209","page","type-page","status-publish","hentry"],"yoast_head":"<!-- This site is optimized with the Yoast SEO plugin v27.5 - https:\/\/yoast.com\/product\/yoast-seo-wordpress\/ -->\n<title>Incitur Tour e Visite Guidate a Civitavecchia - Tour di Civitavecchia<\/title>\n<meta name=\"robots\" content=\"index, follow, max-snippet:-1, max-image-preview:large, max-video-preview:-1\" \/>\n<link rel=\"canonical\" href=\"https:\/\/www.incitur.com\/it\/civitavecchia-tours\/\" \/>\n<meta property=\"og:locale\" content=\"it_IT\" \/>\n<meta property=\"og:type\" content=\"article\" \/>\n<meta property=\"og:title\" content=\"Incitur Tour e Visite Guidate a Civitavecchia - Tour di Civitavecchia\" \/>\n<meta property=\"og:description\" content=\"Civitavecchia una citt\u00e0 da scoprire &nbsp; Custom Services We offer a wide range of customization for your group or famly &nbsp; Professional Local Guides Our local guides will create a Family atmosphere among our small groups &nbsp; Off the beaten [&hellip;]\" \/>\n<meta property=\"og:url\" content=\"https:\/\/www.incitur.com\/it\/civitavecchia-tours\/\" \/>\n<meta property=\"og:site_name\" content=\"Incitur\" \/>\n<meta property=\"article:publisher\" content=\"https:\/\/www.facebook.com\/incitursc\/\" \/>\n<meta property=\"article:modified_time\" content=\"2021-06-01T08:50:15+00:00\" \/>\n<meta property=\"og:image\" content=\"https:\/\/www.incitur.com\/wp-content\/uploads\/wprevslider\/avatars\/1558182164_4.jpg\" \/>\n<meta name=\"twitter:card\" content=\"summary_large_image\" \/>\n<meta name=\"twitter:label1\" content=\"Tempo di lettura stimato\" \/>\n\t<meta name=\"twitter:data1\" content=\"2 minuti\" \/>\n<script type=\"application\/ld+json\" class=\"yoast-schema-graph\">{\"@context\":\"https:\\\/\\\/schema.org\",\"@graph\":[{\"@type\":\"WebPage\",\"@id\":\"https:\\\/\\\/www.incitur.com\\\/it\\\/civitavecchia-tours\\\/\",\"url\":\"https:\\\/\\\/www.incitur.com\\\/it\\\/civitavecchia-tours\\\/\",\"name\":\"Incitur Tour e Visite Guidate a Civitavecchia - Tour di Civitavecchia\",\"isPartOf\":{\"@id\":\"https:\\\/\\\/www.incitur.com\\\/it\\\/#website\"},\"primaryImageOfPage\":{\"@id\":\"https:\\\/\\\/www.incitur.com\\\/it\\\/civitavecchia-tours\\\/#primaryimage\"},\"image\":{\"@id\":\"https:\\\/\\\/www.incitur.com\\\/it\\\/civitavecchia-tours\\\/#primaryimage\"},\"thumbnailUrl\":\"https:\\\/\\\/www.incitur.com\\\/wp-content\\\/uploads\\\/wprevslider\\\/avatars\\\/1558182164_4.jpg\",\"datePublished\":\"2020-02-24T10:34:02+00:00\",\"dateModified\":\"2021-06-01T08:50:15+00:00\",\"breadcrumb\":{\"@id\":\"https:\\\/\\\/www.incitur.com\\\/it\\\/civitavecchia-tours\\\/#breadcrumb\"},\"inLanguage\":\"it-IT\",\"potentialAction\":[{\"@type\":\"ReadAction\",\"target\":[\"https:\\\/\\\/www.incitur.com\\\/it\\\/civitavecchia-tours\\\/\"]}]},{\"@type\":\"ImageObject\",\"inLanguage\":\"it-IT\",\"@id\":\"https:\\\/\\\/www.incitur.com\\\/it\\\/civitavecchia-tours\\\/#primaryimage\",\"url\":\"https:\\\/\\\/www.incitur.com\\\/wp-content\\\/uploads\\\/wprevslider\\\/avatars\\\/1558182164_4.jpg\",\"contentUrl\":\"https:\\\/\\\/www.incitur.com\\\/wp-content\\\/uploads\\\/wprevslider\\\/avatars\\\/1558182164_4.jpg\"},{\"@type\":\"BreadcrumbList\",\"@id\":\"https:\\\/\\\/www.incitur.com\\\/it\\\/civitavecchia-tours\\\/#breadcrumb\",\"itemListElement\":[{\"@type\":\"ListItem\",\"position\":1,\"name\":\"Home\",\"item\":\"https:\\\/\\\/www.incitur.com\\\/it\\\/\"},{\"@type\":\"ListItem\",\"position\":2,\"name\":\"Tour di Civitavecchia\"}]},{\"@type\":\"WebSite\",\"@id\":\"https:\\\/\\\/www.incitur.com\\\/it\\\/#website\",\"url\":\"https:\\\/\\\/www.incitur.com\\\/it\\\/\",\"name\":\"Incitur\",\"description\":\"Top Italy Travel Agency\",\"publisher\":{\"@id\":\"https:\\\/\\\/www.incitur.com\\\/it\\\/#organization\"},\"potentialAction\":[{\"@type\":\"SearchAction\",\"target\":{\"@type\":\"EntryPoint\",\"urlTemplate\":\"https:\\\/\\\/www.incitur.com\\\/it\\\/?s={search_term_string}\"},\"query-input\":{\"@type\":\"PropertyValueSpecification\",\"valueRequired\":true,\"valueName\":\"search_term_string\"}}],\"inLanguage\":\"it-IT\"},{\"@type\":\"Organization\",\"@id\":\"https:\\\/\\\/www.incitur.com\\\/it\\\/#organization\",\"name\":\"In.Ci.Tur soc.coop.\",\"url\":\"https:\\\/\\\/www.incitur.com\\\/it\\\/\",\"logo\":{\"@type\":\"ImageObject\",\"inLanguage\":\"it-IT\",\"@id\":\"https:\\\/\\\/www.incitur.com\\\/it\\\/#\\\/schema\\\/logo\\\/image\\\/\",\"url\":\"https:\\\/\\\/www.incitur.com\\\/wp-content\\\/uploads\\\/2017\\\/11\\\/logo_incitur.png\",\"contentUrl\":\"https:\\\/\\\/www.incitur.com\\\/wp-content\\\/uploads\\\/2017\\\/11\\\/logo_incitur.png\",\"width\":184,\"height\":44,\"caption\":\"In.Ci.Tur soc.coop.\"},\"image\":{\"@id\":\"https:\\\/\\\/www.incitur.com\\\/it\\\/#\\\/schema\\\/logo\\\/image\\\/\"},\"sameAs\":[\"https:\\\/\\\/www.facebook.com\\\/incitursc\\\/\",\"https:\\\/\\\/instagram.com\\\/incitur_sc\"]}]}<\/script>\n<!-- \/ Yoast SEO plugin. -->","yoast_head_json":{"title":"Incitur Tour e Visite Guidate a Civitavecchia - Tour di Civitavecchia","robots":{"index":"index","follow":"follow","max-snippet":"max-snippet:-1","max-image-preview":"max-image-preview:large","max-video-preview":"max-video-preview:-1"},"canonical":"https:\/\/www.incitur.com\/it\/civitavecchia-tours\/","og_locale":"it_IT","og_type":"article","og_title":"Incitur Tour e Visite Guidate a Civitavecchia - Tour di Civitavecchia","og_description":"Civitavecchia una citt\u00e0 da scoprire &nbsp; Custom Services We offer a wide range of customization for your group or famly &nbsp; Professional Local Guides Our local guides will create a Family atmosphere among our small groups &nbsp; Off the beaten [&hellip;]","og_url":"https:\/\/www.incitur.com\/it\/civitavecchia-tours\/","og_site_name":"Incitur","article_publisher":"https:\/\/www.facebook.com\/incitursc\/","article_modified_time":"2021-06-01T08:50:15+00:00","og_image":[{"url":"https:\/\/www.incitur.com\/wp-content\/uploads\/wprevslider\/avatars\/1558182164_4.jpg","type":"","width":"","height":""}],"twitter_card":"summary_large_image","twitter_misc":{"Tempo di lettura stimato":"2 minuti"},"schema":{"@context":"https:\/\/schema.org","@graph":[{"@type":"WebPage","@id":"https:\/\/www.incitur.com\/it\/civitavecchia-tours\/","url":"https:\/\/www.incitur.com\/it\/civitavecchia-tours\/","name":"Incitur Tour e Visite Guidate a Civitavecchia - Tour di Civitavecchia","isPartOf":{"@id":"https:\/\/www.incitur.com\/it\/#website"},"primaryImageOfPage":{"@id":"https:\/\/www.incitur.com\/it\/civitavecchia-tours\/#primaryimage"},"image":{"@id":"https:\/\/www.incitur.com\/it\/civitavecchia-tours\/#primaryimage"},"thumbnailUrl":"https:\/\/www.incitur.com\/wp-content\/uploads\/wprevslider\/avatars\/1558182164_4.jpg","datePublished":"2020-02-24T10:34:02+00:00","dateModified":"2021-06-01T08:50:15+00:00","breadcrumb":{"@id":"https:\/\/www.incitur.com\/it\/civitavecchia-tours\/#breadcrumb"},"inLanguage":"it-IT","potentialAction":[{"@type":"ReadAction","target":["https:\/\/www.incitur.com\/it\/civitavecchia-tours\/"]}]},{"@type":"ImageObject","inLanguage":"it-IT","@id":"https:\/\/www.incitur.com\/it\/civitavecchia-tours\/#primaryimage","url":"https:\/\/www.incitur.com\/wp-content\/uploads\/wprevslider\/avatars\/1558182164_4.jpg","contentUrl":"https:\/\/www.incitur.com\/wp-content\/uploads\/wprevslider\/avatars\/1558182164_4.jpg"},{"@type":"BreadcrumbList","@id":"https:\/\/www.incitur.com\/it\/civitavecchia-tours\/#breadcrumb","itemListElement":[{"@type":"ListItem","position":1,"name":"Home","item":"https:\/\/www.incitur.com\/it\/"},{"@type":"ListItem","position":2,"name":"Tour di Civitavecchia"}]},{"@type":"WebSite","@id":"https:\/\/www.incitur.com\/it\/#website","url":"https:\/\/www.incitur.com\/it\/","name":"Incitur","description":"Top Italy Travel Agency","publisher":{"@id":"https:\/\/www.incitur.com\/it\/#organization"},"potentialAction":[{"@type":"SearchAction","target":{"@type":"EntryPoint","urlTemplate":"https:\/\/www.incitur.com\/it\/?s={search_term_string}"},"query-input":{"@type":"PropertyValueSpecification","valueRequired":true,"valueName":"search_term_string"}}],"inLanguage":"it-IT"},{"@type":"Organization","@id":"https:\/\/www.incitur.com\/it\/#organization","name":"In.Ci.Tur soc.coop.","url":"https:\/\/www.incitur.com\/it\/","logo":{"@type":"ImageObject","inLanguage":"it-IT","@id":"https:\/\/www.incitur.com\/it\/#\/schema\/logo\/image\/","url":"https:\/\/www.incitur.com\/wp-content\/uploads\/2017\/11\/logo_incitur.png","contentUrl":"https:\/\/www.incitur.com\/wp-content\/uploads\/2017\/11\/logo_incitur.png","width":184,"height":44,"caption":"In.Ci.Tur soc.coop."},"image":{"@id":"https:\/\/www.incitur.com\/it\/#\/schema\/logo\/image\/"},"sameAs":["https:\/\/www.facebook.com\/incitursc\/","https:\/\/instagram.com\/incitur_sc"]}]}},"_links":{"self":[{"href":"https:\/\/www.incitur.com\/it\/wp-json\/wp\/v2\/pages\/5209","targetHints":{"allow":["GET"]}}],"collection":[{"href":"https:\/\/www.incitur.com\/it\/wp-json\/wp\/v2\/pages"}],"about":[{"href":"https:\/\/www.incitur.com\/it\/wp-json\/wp\/v2\/types\/page"}],"author":[{"embeddable":true,"href":"https:\/\/www.incitur.com\/it\/wp-json\/wp\/v2\/users\/2"}],"replies":[{"embeddable":true,"href":"https:\/\/www.incitur.com\/it\/wp-json\/wp\/v2\/comments?post=5209"}],"version-history":[{"count":0,"href":"https:\/\/www.incitur.com\/it\/wp-json\/wp\/v2\/pages\/5209\/revisions"}],"wp:attachment":[{"href":"https:\/\/www.incitur.com\/it\/wp-json\/wp\/v2\/media?parent=5209"}],"curies":[{"name":"wp","href":"https:\/\/api.w.org\/{rel}","templated":true}]}}