{"id":4292,"date":"2018-01-03T13:06:21","date_gmt":"2018-01-03T12:06:21","guid":{"rendered":"http:\/\/www.incitur.com\/?page_id=4292"},"modified":"2020-04-28T21:42:28","modified_gmt":"2020-04-28T19:42:28","slug":"il-territorio","status":"publish","type":"page","link":"https:\/\/www.incitur.com\/it\/il-territorio\/","title":{"rendered":"Il territorio"},"content":{"rendered":"<div class=\"image_classic_frame expand\">\n<div class=\"image_wrapper\"><a class=\"img_frame\" href=\"https:\/\/www.incitur.com\/wp-content\/uploads\/2017\/12\/IMG_0303-min.jpg\"><img decoding=\"async\" class=\"immaginetestochisiamo\" style=\"width: 50%; float: right; margin-left: 40px;\" src=\"https:\/\/www.incitur.com\/wp-content\/uploads\/2017\/12\/IMG_0303-min.jpg\" height=\"365\" \/><\/a><\/div>\n<\/div>\n<h2 class=\"ppb_title\">Civitavecchia, il porto di Roma da sempre<\/h2>\n<p style=\"text-align: left;\">Il nome Civitavecchia \u00e8 significativo!<\/p>\n<p style=\"text-align: left;\">In effetti ha una storia molto lunga e importante! A 70 chilometri dall&#8217;incomparabile Capitale d&#8217;Italia, Civitavecchia era l&#8217;antico porto della Roma Imperiale e il Porto dei Papi. Oggi Civitavecchia \u00e8 il nodo nevralgico dello sviluppo del turismo crocieristico italiano e uno dei porti pi\u00f9 importanti del Mar Mediterraneo. Grazie alla sua vicinanza alla Capitale, \u00e8 spesso chiamato &#8220;il porto di Roma&#8221;, ma la sua storia di 2000 anni rende la citt\u00e0 un posto meraviglioso da visitare, una destinazione incantevole se sei gi\u00e0 stato a Roma e stai cercando tour rilassanti e alcuni tesori nascosti da scoprire.<\/p>\n<p style=\"text-align: left;\">Arte, storia, architettura , artigianato, cibo e cultura locali: questo \u00e8 ci\u00f2 che vogliamo condividere con te! Le nostre guide turistiche, locali ed amichevoli, condivideranno con te la storia della citt\u00e0 e i suoi aneddoti per darti il \u200b\u200bbenvenuto e farti sentire un ospite speciale!<br \/>\nCivitavecchia \u00e8 circondata inoltre da meravigliose e incredibili destinazioni fuori dai sentieri battuti, lontano dalle principali attrazioni turistiche. Laghi, castelli, borghi medievali, villaggi abbarbicati su scogliere di tufo, cantine a conduzione familiare, oliveti, siti etruschi patrimonio dell&#8217;UNESCO, ville imperiali romane, residenze papali e palazzi rinascimentali immersi nella colorata campagna romana! Queste sono le perle del nostro straordinario territorio, noto come l&#8217;Etruria meridionale, vale a dire la parte meridionale dell&#8217;antica terra degli Etruschi, che si estende dalla Toscana meridionale alle campagne di Roma.<br \/>\nQueste localit\u00e0 e le loro attrazioni sono una alternativa al solito clamore di Roma e sono facili da godere in mezza giornata o in un tour rilassante di un&#8217;intera giornata, per 2 ospiti o piccoli gruppi, offrendo cos\u00ec un&#8217;esperienza indimenticabile!<br \/>\nAmiamo e conosciamo profondamente il nostro territorio e tutto ci\u00f2 che desideriamo \u00e8 darti il \u200b\u200bbenvenuto, farti vivere un&#8217;esperienza autentica della tua destinazione e coccolarti con servizi turistici di alta qualit\u00e0!<br \/>\nLasciati guidare attraverso le bellezze dell&#8217;Italia centrale!<br \/>\nE come diciamo sempre: &#8220;Sentiti benvenuto, sentiti a casa&#8221;<\/p>\n","protected":false},"excerpt":{"rendered":"<p>Civitavecchia, il porto di Roma da sempre Il nome Civitavecchia \u00e8 significativo! In effetti ha una storia molto lunga e importante! A 70 chilometri dall&#8217;incomparabile Capitale d&#8217;Italia, Civitavecchia era l&#8217;antico porto della Roma Imperiale e il Porto dei Papi. Oggi [&hellip;]<\/p>\n","protected":false},"author":2,"featured_media":0,"parent":0,"menu_order":0,"comment_status":"closed","ping_status":"closed","template":"","meta":{"footnotes":""},"class_list":["post-4292","page","type-page","status-publish","hentry"],"yoast_head":"<!-- This site is optimized with the Yoast SEO plugin v27.4 - https:\/\/yoast.com\/product\/yoast-seo-wordpress\/ -->\n<title>Incitur Tour e Visite Guidate a Civitavecchia - Il territorio<\/title>\n<meta name=\"robots\" content=\"index, follow, max-snippet:-1, max-image-preview:large, max-video-preview:-1\" \/>\n<link rel=\"canonical\" href=\"https:\/\/www.incitur.com\/it\/il-territorio\/\" \/>\n<meta property=\"og:locale\" content=\"it_IT\" \/>\n<meta property=\"og:type\" content=\"article\" \/>\n<meta property=\"og:title\" content=\"Incitur Tour e Visite Guidate a Civitavecchia - Il territorio\" \/>\n<meta property=\"og:description\" content=\"Civitavecchia, il porto di Roma da sempre Il nome Civitavecchia \u00e8 significativo! In effetti ha una storia molto lunga e importante! A 70 chilometri dall&#8217;incomparabile Capitale d&#8217;Italia, Civitavecchia era l&#8217;antico porto della Roma Imperiale e il Porto dei Papi. Oggi [&hellip;]\" \/>\n<meta property=\"og:url\" content=\"https:\/\/www.incitur.com\/it\/il-territorio\/\" \/>\n<meta property=\"og:site_name\" content=\"Incitur\" \/>\n<meta property=\"article:publisher\" content=\"https:\/\/www.facebook.com\/incitursc\/\" \/>\n<meta property=\"article:modified_time\" content=\"2020-04-28T19:42:28+00:00\" \/>\n<meta property=\"og:image\" content=\"https:\/\/www.incitur.com\/wp-content\/uploads\/2017\/12\/IMG_0303-min.jpg\" \/>\n<meta name=\"twitter:card\" content=\"summary_large_image\" \/>\n<meta name=\"twitter:label1\" content=\"Tempo di lettura stimato\" \/>\n\t<meta name=\"twitter:data1\" content=\"2 minuti\" \/>\n<script type=\"application\/ld+json\" class=\"yoast-schema-graph\">{\"@context\":\"https:\\\/\\\/schema.org\",\"@graph\":[{\"@type\":\"WebPage\",\"@id\":\"https:\\\/\\\/www.incitur.com\\\/it\\\/il-territorio\\\/\",\"url\":\"https:\\\/\\\/www.incitur.com\\\/it\\\/il-territorio\\\/\",\"name\":\"Incitur Tour e Visite Guidate a Civitavecchia - Il territorio\",\"isPartOf\":{\"@id\":\"https:\\\/\\\/www.incitur.com\\\/it\\\/#website\"},\"primaryImageOfPage\":{\"@id\":\"https:\\\/\\\/www.incitur.com\\\/it\\\/il-territorio\\\/#primaryimage\"},\"image\":{\"@id\":\"https:\\\/\\\/www.incitur.com\\\/it\\\/il-territorio\\\/#primaryimage\"},\"thumbnailUrl\":\"https:\\\/\\\/www.incitur.com\\\/wp-content\\\/uploads\\\/2017\\\/12\\\/IMG_0303-min.jpg\",\"datePublished\":\"2018-01-03T12:06:21+00:00\",\"dateModified\":\"2020-04-28T19:42:28+00:00\",\"breadcrumb\":{\"@id\":\"https:\\\/\\\/www.incitur.com\\\/it\\\/il-territorio\\\/#breadcrumb\"},\"inLanguage\":\"it-IT\",\"potentialAction\":[{\"@type\":\"ReadAction\",\"target\":[\"https:\\\/\\\/www.incitur.com\\\/it\\\/il-territorio\\\/\"]}]},{\"@type\":\"ImageObject\",\"inLanguage\":\"it-IT\",\"@id\":\"https:\\\/\\\/www.incitur.com\\\/it\\\/il-territorio\\\/#primaryimage\",\"url\":\"https:\\\/\\\/www.incitur.com\\\/wp-content\\\/uploads\\\/2017\\\/12\\\/IMG_0303-min.jpg\",\"contentUrl\":\"https:\\\/\\\/www.incitur.com\\\/wp-content\\\/uploads\\\/2017\\\/12\\\/IMG_0303-min.jpg\"},{\"@type\":\"BreadcrumbList\",\"@id\":\"https:\\\/\\\/www.incitur.com\\\/it\\\/il-territorio\\\/#breadcrumb\",\"itemListElement\":[{\"@type\":\"ListItem\",\"position\":1,\"name\":\"Home\",\"item\":\"https:\\\/\\\/www.incitur.com\\\/it\\\/\"},{\"@type\":\"ListItem\",\"position\":2,\"name\":\"Il territorio\"}]},{\"@type\":\"WebSite\",\"@id\":\"https:\\\/\\\/www.incitur.com\\\/it\\\/#website\",\"url\":\"https:\\\/\\\/www.incitur.com\\\/it\\\/\",\"name\":\"Incitur\",\"description\":\"Top Italy Travel Agency\",\"publisher\":{\"@id\":\"https:\\\/\\\/www.incitur.com\\\/it\\\/#organization\"},\"potentialAction\":[{\"@type\":\"SearchAction\",\"target\":{\"@type\":\"EntryPoint\",\"urlTemplate\":\"https:\\\/\\\/www.incitur.com\\\/it\\\/?s={search_term_string}\"},\"query-input\":{\"@type\":\"PropertyValueSpecification\",\"valueRequired\":true,\"valueName\":\"search_term_string\"}}],\"inLanguage\":\"it-IT\"},{\"@type\":\"Organization\",\"@id\":\"https:\\\/\\\/www.incitur.com\\\/it\\\/#organization\",\"name\":\"In.Ci.Tur soc.coop.\",\"url\":\"https:\\\/\\\/www.incitur.com\\\/it\\\/\",\"logo\":{\"@type\":\"ImageObject\",\"inLanguage\":\"it-IT\",\"@id\":\"https:\\\/\\\/www.incitur.com\\\/it\\\/#\\\/schema\\\/logo\\\/image\\\/\",\"url\":\"https:\\\/\\\/www.incitur.com\\\/wp-content\\\/uploads\\\/2017\\\/11\\\/logo_incitur.png\",\"contentUrl\":\"https:\\\/\\\/www.incitur.com\\\/wp-content\\\/uploads\\\/2017\\\/11\\\/logo_incitur.png\",\"width\":184,\"height\":44,\"caption\":\"In.Ci.Tur soc.coop.\"},\"image\":{\"@id\":\"https:\\\/\\\/www.incitur.com\\\/it\\\/#\\\/schema\\\/logo\\\/image\\\/\"},\"sameAs\":[\"https:\\\/\\\/www.facebook.com\\\/incitursc\\\/\",\"https:\\\/\\\/instagram.com\\\/incitur_sc\"]}]}<\/script>\n<!-- \/ Yoast SEO plugin. -->","yoast_head_json":{"title":"Incitur Tour e Visite Guidate a Civitavecchia - Il territorio","robots":{"index":"index","follow":"follow","max-snippet":"max-snippet:-1","max-image-preview":"max-image-preview:large","max-video-preview":"max-video-preview:-1"},"canonical":"https:\/\/www.incitur.com\/it\/il-territorio\/","og_locale":"it_IT","og_type":"article","og_title":"Incitur Tour e Visite Guidate a Civitavecchia - Il territorio","og_description":"Civitavecchia, il porto di Roma da sempre Il nome Civitavecchia \u00e8 significativo! In effetti ha una storia molto lunga e importante! A 70 chilometri dall&#8217;incomparabile Capitale d&#8217;Italia, Civitavecchia era l&#8217;antico porto della Roma Imperiale e il Porto dei Papi. Oggi [&hellip;]","og_url":"https:\/\/www.incitur.com\/it\/il-territorio\/","og_site_name":"Incitur","article_publisher":"https:\/\/www.facebook.com\/incitursc\/","article_modified_time":"2020-04-28T19:42:28+00:00","og_image":[{"url":"https:\/\/www.incitur.com\/wp-content\/uploads\/2017\/12\/IMG_0303-min.jpg","type":"","width":"","height":""}],"twitter_card":"summary_large_image","twitter_misc":{"Tempo di lettura stimato":"2 minuti"},"schema":{"@context":"https:\/\/schema.org","@graph":[{"@type":"WebPage","@id":"https:\/\/www.incitur.com\/it\/il-territorio\/","url":"https:\/\/www.incitur.com\/it\/il-territorio\/","name":"Incitur Tour e Visite Guidate a Civitavecchia - Il territorio","isPartOf":{"@id":"https:\/\/www.incitur.com\/it\/#website"},"primaryImageOfPage":{"@id":"https:\/\/www.incitur.com\/it\/il-territorio\/#primaryimage"},"image":{"@id":"https:\/\/www.incitur.com\/it\/il-territorio\/#primaryimage"},"thumbnailUrl":"https:\/\/www.incitur.com\/wp-content\/uploads\/2017\/12\/IMG_0303-min.jpg","datePublished":"2018-01-03T12:06:21+00:00","dateModified":"2020-04-28T19:42:28+00:00","breadcrumb":{"@id":"https:\/\/www.incitur.com\/it\/il-territorio\/#breadcrumb"},"inLanguage":"it-IT","potentialAction":[{"@type":"ReadAction","target":["https:\/\/www.incitur.com\/it\/il-territorio\/"]}]},{"@type":"ImageObject","inLanguage":"it-IT","@id":"https:\/\/www.incitur.com\/it\/il-territorio\/#primaryimage","url":"https:\/\/www.incitur.com\/wp-content\/uploads\/2017\/12\/IMG_0303-min.jpg","contentUrl":"https:\/\/www.incitur.com\/wp-content\/uploads\/2017\/12\/IMG_0303-min.jpg"},{"@type":"BreadcrumbList","@id":"https:\/\/www.incitur.com\/it\/il-territorio\/#breadcrumb","itemListElement":[{"@type":"ListItem","position":1,"name":"Home","item":"https:\/\/www.incitur.com\/it\/"},{"@type":"ListItem","position":2,"name":"Il territorio"}]},{"@type":"WebSite","@id":"https:\/\/www.incitur.com\/it\/#website","url":"https:\/\/www.incitur.com\/it\/","name":"Incitur","description":"Top Italy Travel Agency","publisher":{"@id":"https:\/\/www.incitur.com\/it\/#organization"},"potentialAction":[{"@type":"SearchAction","target":{"@type":"EntryPoint","urlTemplate":"https:\/\/www.incitur.com\/it\/?s={search_term_string}"},"query-input":{"@type":"PropertyValueSpecification","valueRequired":true,"valueName":"search_term_string"}}],"inLanguage":"it-IT"},{"@type":"Organization","@id":"https:\/\/www.incitur.com\/it\/#organization","name":"In.Ci.Tur soc.coop.","url":"https:\/\/www.incitur.com\/it\/","logo":{"@type":"ImageObject","inLanguage":"it-IT","@id":"https:\/\/www.incitur.com\/it\/#\/schema\/logo\/image\/","url":"https:\/\/www.incitur.com\/wp-content\/uploads\/2017\/11\/logo_incitur.png","contentUrl":"https:\/\/www.incitur.com\/wp-content\/uploads\/2017\/11\/logo_incitur.png","width":184,"height":44,"caption":"In.Ci.Tur soc.coop."},"image":{"@id":"https:\/\/www.incitur.com\/it\/#\/schema\/logo\/image\/"},"sameAs":["https:\/\/www.facebook.com\/incitursc\/","https:\/\/instagram.com\/incitur_sc"]}]}},"_links":{"self":[{"href":"https:\/\/www.incitur.com\/it\/wp-json\/wp\/v2\/pages\/4292","targetHints":{"allow":["GET"]}}],"collection":[{"href":"https:\/\/www.incitur.com\/it\/wp-json\/wp\/v2\/pages"}],"about":[{"href":"https:\/\/www.incitur.com\/it\/wp-json\/wp\/v2\/types\/page"}],"author":[{"embeddable":true,"href":"https:\/\/www.incitur.com\/it\/wp-json\/wp\/v2\/users\/2"}],"replies":[{"embeddable":true,"href":"https:\/\/www.incitur.com\/it\/wp-json\/wp\/v2\/comments?post=4292"}],"version-history":[{"count":0,"href":"https:\/\/www.incitur.com\/it\/wp-json\/wp\/v2\/pages\/4292\/revisions"}],"wp:attachment":[{"href":"https:\/\/www.incitur.com\/it\/wp-json\/wp\/v2\/media?parent=4292"}],"curies":[{"name":"wp","href":"https:\/\/api.w.org\/{rel}","templated":true}]}}